{"id":42,"date":"2017-03-19T20:08:12","date_gmt":"2017-03-19T20:08:12","guid":{"rendered":"http:\/\/sinstorf-hilft.de\/?page_id=42"},"modified":"2017-03-19T20:08:12","modified_gmt":"2017-03-19T20:08:12","slug":"internationales-cafe","status":"publish","type":"page","link":"https:\/\/sinstorf-hilft.de\/?page_id=42","title":{"rendered":"Internationales Caf\u00e9"},"content":{"rendered":"<p>Das Team k\u00fcmmert sich um das regelm\u00e4\u00dfig stattfindende \u201eIC\u201c im Gemeindehaus Sinstorf. In ungezwungener Atmosph\u00e4re ergibt sich die M\u00f6glichkeit, Gefl\u00fcchtete mit Bewohnern des Stadtteils zusammenzubringen; und das bei Tee, Kaffee, Kuchen und Gesellschaftsspielen.<\/p>\n<p>Kommen Sie auch gerne als Besucher ins Caf\u00e9!<\/p>\n<p>Wenn Sie dar\u00fcberhinaus Lust an der Mitarbeit haben, k\u00f6nnen Sie eine Mail an<\/p>\n<p>internationalescafe[at]sinstorf-hilft.de<\/p>\n<p>schreiben<\/p>\n","protected":false},"excerpt":{"rendered":"<p>Das Team k\u00fcmmert sich um das regelm\u00e4\u00dfig stattfindende \u201eIC\u201c im Gemeindehaus Sinstorf. In ungezwungener Atmosph\u00e4re ergibt sich die M\u00f6glichkeit, Gefl\u00fcchtete mit Bewohnern des Stadtteils zusammenzubringen; und das bei Tee, Kaffee, &#8230;<\/p>\n","protected":false},"author":3,"featured_media":0,"parent":0,"menu_order":0,"comment_status":"closed","ping_status":"closed","template":"","meta":{"footnotes":""},"class_list":["post-42","page","type-page","status-publish","hentry"],"_links":{"self":[{"href":"https:\/\/sinstorf-hilft.de\/index.php?rest_route=\/wp\/v2\/pages\/42","targetHints":{"allow":["GET"]}}],"collection":[{"href":"https:\/\/sinstorf-hilft.de\/index.php?rest_route=\/wp\/v2\/pages"}],"about":[{"href":"https:\/\/sinstorf-hilft.de\/index.php?rest_route=\/wp\/v2\/types\/page"}],"author":[{"embeddable":true,"href":"https:\/\/sinstorf-hilft.de\/index.php?rest_route=\/wp\/v2\/users\/3"}],"replies":[{"embeddable":true,"href":"https:\/\/sinstorf-hilft.de\/index.php?rest_route=%2Fwp%2Fv2%2Fcomments&post=42"}],"version-history":[{"count":1,"href":"https:\/\/sinstorf-hilft.de\/index.php?rest_route=\/wp\/v2\/pages\/42\/revisions"}],"predecessor-version":[{"id":43,"href":"https:\/\/sinstorf-hilft.de\/index.php?rest_route=\/wp\/v2\/pages\/42\/revisions\/43"}],"wp:attachment":[{"href":"https:\/\/sinstorf-hilft.de\/index.php?rest_route=%2Fwp%2Fv2%2Fmedia&parent=42"}],"curies":[{"name":"wp","href":"https:\/\/api.w.org\/{rel}","templated":true}]}}