{"id":345,"date":"2017-06-13T21:21:21","date_gmt":"2017-06-13T20:21:21","guid":{"rendered":"http:\/\/sinstorf-hilft.de\/?page_id=345"},"modified":"2017-06-13T21:21:58","modified_gmt":"2017-06-13T20:21:58","slug":"nachgefragt","status":"publish","type":"page","link":"https:\/\/sinstorf-hilft.de\/?page_id=345","title":{"rendered":"Nachgefragt"},"content":{"rendered":"<p>Mit unserer Initiative wollen wir u.a. den Informationsaustausch f\u00f6rdern und die Bedenken anderer Anwohner ernst nehmen.<\/p>\n<p>An dieser Stelle wollen wir Fragen und Antworten Raum geben und Transparenz schaffen.<\/p>\n<p>Falls auch Sie Fragen haben, schreiben Sie gerne eine Nachricht an info[at]sinstorf-hilft.de Wir bem\u00fchen uns um zeitnahe Aufkl\u00e4rung!<\/p>\n<p>&nbsp;<\/p>\n<h3>Stimmt es, dass entgegen der Ank\u00fcndigungen nun doch nur M\u00e4nner in die Wohnunterkunft einziehen?<\/h3>\n<p>&nbsp;<\/p>\n<h4>Dies ist nicht der Fall. Frau Strohmeier, Leiterin der Wohnunterkunft Sinstorfer Kirchweg, schreibt uns dazu:<\/h4>\n<p>Hinsichtlich der Sorge, dass in der Unterkunft Sinstorfer Kirchweg nur M\u00e4nner einziehen werden, kann ich Ihnen mitteilen, dass dort \u00a0maximal 40% Alleinstehende, vermutlich M\u00e4nner und Frauen, wohnen werden. Dar\u00fcber hinaus wurde im B\u00fcrgervertrag festgehalten, dass wir eine Wohnung nicht mit mehr als vier alleinstehenden M\u00e4nnern belegen d\u00fcrfen. Die anderen 60% werden Familien sein. Genauere Informationen bez\u00fcglich Familienkonstellationen, Alter der BewohnerInnen oder Nationalit\u00e4ten haben wir \u00a0auch noch nicht.<\/p>\n<p>Herzliche Gr\u00fc\u00dfe<\/p>\n<p>Josephine Strohmeier<\/p>\n<p>&nbsp;<\/p>\n<h3>Kommen hinter dem Friedhof auch noch Container hin?<\/h3>\n<p>&nbsp;<\/p>\n<p>Heute bin ich vor Ort von einer direkten Anwohnerin angesprochen worden, die mich fragte, ob auch hinter dem Sinstorfer Friedhof noch Container aufgebaut werden. Andere Anwohner h\u00e4tten ihr dies berichtet.<\/p>\n<p>Dies ist definitiv nicht der Fall. Die Wohnunterkunft entsteht nur auf dem Gel\u00e4nde, welches heute bebaut wird.<\/p>\n<p>Eine weitere Unterkunft ist in R\u00f6nneburg (Auf den Bengen) geplant. Aktuelles dazu unter <a href=\"http:\/\/www.hamburg.de\/fluechtlinge-unterbringung-standorte\/4373122\/unterbringung-harburg\/\">www.hamburg.de\/fluechtlinge<\/a>.<\/p>\n","protected":false},"excerpt":{"rendered":"<p>Mit unserer Initiative wollen wir u.a. den Informationsaustausch f\u00f6rdern und die Bedenken anderer Anwohner ernst nehmen. An dieser Stelle wollen wir Fragen und Antworten Raum geben und Transparenz schaffen. Falls &#8230;<\/p>\n","protected":false},"author":3,"featured_media":0,"parent":0,"menu_order":0,"comment_status":"closed","ping_status":"closed","template":"","meta":{"footnotes":""},"class_list":["post-345","page","type-page","status-publish","hentry"],"_links":{"self":[{"href":"https:\/\/sinstorf-hilft.de\/index.php?rest_route=\/wp\/v2\/pages\/345","targetHints":{"allow":["GET"]}}],"collection":[{"href":"https:\/\/sinstorf-hilft.de\/index.php?rest_route=\/wp\/v2\/pages"}],"about":[{"href":"https:\/\/sinstorf-hilft.de\/index.php?rest_route=\/wp\/v2\/types\/page"}],"author":[{"embeddable":true,"href":"https:\/\/sinstorf-hilft.de\/index.php?rest_route=\/wp\/v2\/users\/3"}],"replies":[{"embeddable":true,"href":"https:\/\/sinstorf-hilft.de\/index.php?rest_route=%2Fwp%2Fv2%2Fcomments&post=345"}],"version-history":[{"count":9,"href":"https:\/\/sinstorf-hilft.de\/index.php?rest_route=\/wp\/v2\/pages\/345\/revisions"}],"predecessor-version":[{"id":354,"href":"https:\/\/sinstorf-hilft.de\/index.php?rest_route=\/wp\/v2\/pages\/345\/revisions\/354"}],"wp:attachment":[{"href":"https:\/\/sinstorf-hilft.de\/index.php?rest_route=%2Fwp%2Fv2%2Fmedia&parent=345"}],"curies":[{"name":"wp","href":"https:\/\/api.w.org\/{rel}","templated":true}]}}