{"id":312,"date":"2017-06-07T17:17:28","date_gmt":"2017-06-07T16:17:28","guid":{"rendered":"http:\/\/sinstorf-hilft.de\/?page_id=312"},"modified":"2020-02-22T16:25:55","modified_gmt":"2020-02-22T15:25:55","slug":"downloads","status":"publish","type":"page","link":"https:\/\/sinstorf-hilft.de\/?page_id=312","title":{"rendered":"Downloads"},"content":{"rendered":"<h2>Aktueller Flyer<\/h2>\n<p><a href=\"https:\/\/sinstorf-hilft.de\/wp-content\/uploads\/2020\/02\/Flyer_No8_LQ.pdf\">Flyer Stand April 2019<\/a><\/p>\n<h2>Sommerfest 2018<\/h2>\n<p><a href=\"https:\/\/sinstorf-hilft.de\/wp-content\/uploads\/2018\/08\/Plakat_graustufen_LQ.pdf\">A3-Plakat in Graustufen<\/a><\/p>\n<p><a href=\"https:\/\/sinstorf-hilft.de\/wp-content\/uploads\/2018\/09\/Plakat_farbig.pdf\">A3-Plakat in geringer Qualit\u00e4t (2 MB)<\/a><\/p>\n<p><a href=\"https:\/\/sinstorf-hilft.de\/wp-content\/uploads\/2018\/08\/Sommerfest_2018.png\">Plakat als Bilddatei (f\u00fcr Internet \/ Facebook)<\/a><\/p>\n<p><a href=\"https:\/\/sinstorf-hilft.de\/wp-content\/uploads\/2017\/07\/Fahrr\u00e4der-f\u00fcr-Gefl\u00fcchtete-gesucht.pdf\">Flyer Fahrradwerkstatt<\/a><\/p>\n<p><a href=\"https:\/\/sinstorf-hilft.de\/wp-content\/uploads\/2017\/06\/Flyer-f\u00fcr-Wohnunterkunft.pdf\">Flyer f\u00fcr Wohnunterkunft<\/a><\/p>\n<p><a href=\"https:\/\/sinstorf-hilft.de\/wp-content\/uploads\/2018\/06\/Fu\u00dfball-WM-27.06.pdf\">Fu\u00dfball-WM 27.06<\/a><\/p>\n<h4>Stadtteilkarte<\/h4>\n<p><a href=\"https:\/\/sinstorf-hilft.de\/wp-content\/uploads\/2018\/01\/Stadtteilkarte_HQ.pdf\">Stadtteilkarte_HQ<\/a><\/p>\n<p>\u00c4nderungen Januar 2018:<\/p>\n<p>Umbenennung der Wohnunterkuft Rotbergfeld<br \/>\nErg\u00e4nzung der Gastronomie &#8222;Horse in pub&#8220;<\/p>\n","protected":false},"excerpt":{"rendered":"<p>Aktueller Flyer Flyer Stand April 2019 Sommerfest 2018 A3-Plakat in Graustufen A3-Plakat in geringer Qualit\u00e4t (2 MB) Plakat als Bilddatei (f\u00fcr Internet \/ Facebook) Flyer Fahrradwerkstatt Flyer f\u00fcr Wohnunterkunft Fu\u00dfball-WM &#8230;<\/p>\n","protected":false},"author":3,"featured_media":0,"parent":0,"menu_order":0,"comment_status":"closed","ping_status":"closed","template":"","meta":{"footnotes":""},"class_list":["post-312","page","type-page","status-publish","hentry"],"_links":{"self":[{"href":"https:\/\/sinstorf-hilft.de\/index.php?rest_route=\/wp\/v2\/pages\/312","targetHints":{"allow":["GET"]}}],"collection":[{"href":"https:\/\/sinstorf-hilft.de\/index.php?rest_route=\/wp\/v2\/pages"}],"about":[{"href":"https:\/\/sinstorf-hilft.de\/index.php?rest_route=\/wp\/v2\/types\/page"}],"author":[{"embeddable":true,"href":"https:\/\/sinstorf-hilft.de\/index.php?rest_route=\/wp\/v2\/users\/3"}],"replies":[{"embeddable":true,"href":"https:\/\/sinstorf-hilft.de\/index.php?rest_route=%2Fwp%2Fv2%2Fcomments&post=312"}],"version-history":[{"count":21,"href":"https:\/\/sinstorf-hilft.de\/index.php?rest_route=\/wp\/v2\/pages\/312\/revisions"}],"predecessor-version":[{"id":1376,"href":"https:\/\/sinstorf-hilft.de\/index.php?rest_route=\/wp\/v2\/pages\/312\/revisions\/1376"}],"wp:attachment":[{"href":"https:\/\/sinstorf-hilft.de\/index.php?rest_route=%2Fwp%2Fv2%2Fmedia&parent=312"}],"curies":[{"name":"wp","href":"https:\/\/api.w.org\/{rel}","templated":true}]}}